{"id":107,"date":"2020-01-15T23:07:20","date_gmt":"2020-01-15T22:07:20","guid":{"rendered":"https:\/\/www.przystanekstaw.pl\/?page_id=107"},"modified":"2024-10-03T00:29:41","modified_gmt":"2024-10-02T22:29:41","slug":"nasze-domki","status":"publish","type":"page","link":"https:\/\/www.przystanekstaw.pl\/index.php\/nasze-domki\/","title":{"rendered":"Domki"},"content":{"rendered":"\n<p class=\"has-custom-font-size has-justified-text\">Oferujemy Pa\u0144stwu pobyt w komfortowych domkach letniskowych, po\u0142o\u017conych nad brzegiem malowniczego stawu. Posesja jest ca\u0142kowicie ogrodzona . Nasze domki s\u0105 w pe\u0142ni wyposa\u017cone i przygotowane do sp\u0119dzenia urlopu, weekendu lub kilku dni. Ka\u017cdy znajdzie tu co\u015b dla siebie: pla\u017cowanie, \u0142owienie ryb, zbieranie poziomek, malin, jag\u00f3d i grzyb\u00f3w lub p\u0142ywanie kajakiem, spacery piesze lub jazd\u0119 rowerem.<\/p>\n\n\n\n<p class=\"has-custom-font-size has-justified-text\">W domkach znajduj\u0105 si\u0119 saloniki&nbsp; oraz aneksy kuchenne,&nbsp;sypialnie, \u0142azienki z ciep\u0142\u0105 wod\u0105 i prysznicami. S\u0105 one wyposa\u017cone w naczynia do przyrz\u0105dzania oraz spo\u017cywania posi\u0142k\u00f3w, lod\u00f3wki, p\u0142yty kuchenne, telewizory i radia. Na posesjach s\u0105 urz\u0105dzone miejsca na ogniska , betonowe grille.<\/p>\n\n\n\n<h3>Domek Rybacz\u00f3wka<\/h3>\n\n\n\n<div class=\"is-layout-flex wp-container-3 wp-block-columns\">\n<div class=\"is-layout-flow wp-block-column\">\n<figure class=\"wp-block-image size-large\"><img decoding=\"async\" loading=\"lazy\" width=\"1024\" height=\"576\" src=\"https:\/\/www.przystanekstaw.pl\/wp-content\/uploads\/2020\/09\/P1140472-1024x576.jpg\" alt=\"\" class=\"wp-image-476\" srcset=\"https:\/\/www.przystanekstaw.pl\/wp-content\/uploads\/2020\/09\/P1140472-1024x576.jpg 1024w, https:\/\/www.przystanekstaw.pl\/wp-content\/uploads\/2020\/09\/P1140472-300x169.jpg 300w, https:\/\/www.przystanekstaw.pl\/wp-content\/uploads\/2020\/09\/P1140472-768x432.jpg 768w, https:\/\/www.przystanekstaw.pl\/wp-content\/uploads\/2020\/09\/P1140472-1536x864.jpg 1536w, https:\/\/www.przystanekstaw.pl\/wp-content\/uploads\/2020\/09\/P1140472-206x116.jpg 206w, https:\/\/www.przystanekstaw.pl\/wp-content\/uploads\/2020\/09\/P1140472.jpg 1920w\" sizes=\"(max-width: 1024px) 100vw, 1024px\" \/><\/figure>\n\n\n\n<p><\/p>\n<\/div>\n\n\n\n<div class=\"is-layout-flow wp-block-column\">\n<p class=\"has-custom-font-size has-justified-text\">Domek Rybacz\u00f3wka jest idealnym miejscem na wypoczynek w cichym otoczeniu natury. Ten pi\u0119trowy, drewniany domek znajduje si\u0119 nad brzegiem stawu i mie\u015bci do 6 os\u00f3b<\/p>\n\n\n\n<div class=\"wp-block-button is-style-outline\"><a class=\"wp-block-button__link has-pale-pink-background-color has-background wp-element-button\" href=\"https:\/\/www.przystanekstaw.pl\/index.php\/domek-rybaczowka\"><strong>Poznaj domek<\/strong><\/a><\/div>\n<\/div>\n<\/div>\n\n\n\n<h3>Domek Nad Wod\u0105<\/h3>\n\n\n\n<div class=\"is-layout-flex wp-container-8 wp-block-columns\">\n<div class=\"is-layout-flow wp-block-column\">\n<figure class=\"is-layout-flex wp-block-gallery-4 wp-block-gallery aligncenter has-nested-images columns-default is-cropped\">\n<figure class=\"wp-block-image size-large\"><img decoding=\"async\" loading=\"lazy\" width=\"920\" height=\"690\" src=\"https:\/\/www.przystanekstaw.pl\/wp-content\/uploads\/2021\/06\/woda-920x690.jpg\" alt=\"\" class=\"wp-image-616\" srcset=\"https:\/\/www.przystanekstaw.pl\/wp-content\/uploads\/2021\/06\/woda-920x690.jpg 920w, https:\/\/www.przystanekstaw.pl\/wp-content\/uploads\/2021\/06\/woda-200x150.jpg 200w, https:\/\/www.przystanekstaw.pl\/wp-content\/uploads\/2021\/06\/woda-768x576.jpg 768w, https:\/\/www.przystanekstaw.pl\/wp-content\/uploads\/2021\/06\/woda-1536x1152.jpg 1536w, https:\/\/www.przystanekstaw.pl\/wp-content\/uploads\/2021\/06\/woda-155x116.jpg 155w, https:\/\/www.przystanekstaw.pl\/wp-content\/uploads\/2021\/06\/woda.jpg 2048w\" sizes=\"(max-width: 920px) 100vw, 920px\" \/><figcaption class=\"wp-element-caption\">DOMEK NAD WOD\u0104<\/figcaption><\/figure>\n<\/figure>\n\n\n\n<p><\/p>\n<\/div>\n\n\n\n<div class=\"is-layout-flow wp-block-column\">\n<p class=\"has-custom-font-size has-justified-text\">Domek Nad Wod\u0105 jest idealnym miejscem na wypoczynek w cichym otoczeniu natury. Ten parterowy, drewniany domek znajduje si\u0119 nad brzegiem stawu i mie\u015bci do 4 os\u00f3b<a href=\"https:\/\/test.przystanekstaw.pl\/index.php\/domek-nad-woda\">.<\/a><\/p>\n\n\n\n<div class=\"wp-block-button is-style-outline\"><a class=\"wp-block-button__link has-vivid-red-background-color has-background wp-element-button\" href=\"https:\/\/www.przystanekstaw.pl\/index.php\/domek-nad-woda\"><strong>Poznaj domek<\/strong><\/a><\/div>\n\n\n\n<p><\/p>\n<\/div>\n<\/div>\n\n\n\n<h3>Dom nad Jeziorem Suwalszczyzna<\/h3>\n\n\n\n<div class=\"is-layout-flex wp-container-12 wp-block-columns\">\n<div class=\"is-layout-flow wp-block-column\">\n<figure class=\"wp-block-image size-large\"><img decoding=\"async\" loading=\"lazy\" width=\"920\" height=\"611\" src=\"https:\/\/www.przystanekstaw.pl\/wp-content\/uploads\/2021\/05\/P1140864-1-920x611.jpg\" alt=\"\" class=\"wp-image-589\" srcset=\"https:\/\/www.przystanekstaw.pl\/wp-content\/uploads\/2021\/05\/P1140864-1-920x611.jpg 920w, https:\/\/www.przystanekstaw.pl\/wp-content\/uploads\/2021\/05\/P1140864-1-200x133.jpg 200w, https:\/\/www.przystanekstaw.pl\/wp-content\/uploads\/2021\/05\/P1140864-1-768x510.jpg 768w, https:\/\/www.przystanekstaw.pl\/wp-content\/uploads\/2021\/05\/P1140864-1-1536x1020.jpg 1536w, https:\/\/www.przystanekstaw.pl\/wp-content\/uploads\/2021\/05\/P1140864-1-175x116.jpg 175w, https:\/\/www.przystanekstaw.pl\/wp-content\/uploads\/2021\/05\/P1140864-1.jpg 2048w\" sizes=\"(max-width: 920px) 100vw, 920px\" \/><\/figure>\n<\/div>\n\n\n\n<div class=\"is-layout-flow wp-block-column\">\n<p>Dom jest po\u0142o\u017cony w miejscowo\u015bci Ja\u0142owo (gmina Rutka Tartak) nad jeziorem Ja\u0142owo w otulinie Suwalskiego Parku Krajobrazowego.<\/p>\n\n\n\n<div class=\"is-layout-flex wp-block-buttons\">\n<div class=\"wp-block-button is-style-outline\"><a class=\"wp-block-button__link has-luminous-vivid-amber-background-color has-background wp-element-button\" href=\"https:\/\/www.przystanekstaw.pl\/index.php\/dom-nad-jeziorem\/\"><strong>Poznaj domek<\/strong><\/a><\/div>\n<\/div>\n<\/div>\n<\/div>\n\n\n\n<p><\/p>\n","protected":false},"excerpt":{"rendered":"<p>Oferujemy Pa\u0144stwu pobyt w komfortowych domkach letniskowych, po\u0142o\u017conych nad brzegiem malowniczego stawu. Posesja jest ca\u0142kowicie ogrodzona . Nasze domki s\u0105 w pe\u0142ni wyposa\u017cone i przygotowane do sp\u0119dzenia urlopu, weekendu lub kilku dni. Ka\u017cdy znajdzie tu co\u015b dla siebie: pla\u017cowanie, \u0142owienie ryb, zbieranie poziomek, malin, jag\u00f3d i grzyb\u00f3w lub p\u0142ywanie kajakiem, spacery piesze lub jazd\u0119 rowerem.<\/p>\n<div><a class=\"btn-filled btn\" href=\"https:\/\/www.przystanekstaw.pl\/index.php\/nasze-domki\/\" title=\"Domki\">Czytaj dalej<\/a><\/div>\n","protected":false},"author":1,"featured_media":0,"parent":0,"menu_order":0,"comment_status":"closed","ping_status":"closed","template":"page-templates\/full-width.php","meta":[],"yoast_head":"<!-- This site is optimized with the Yoast SEO plugin v19.11 - https:\/\/yoast.com\/wordpress\/plugins\/seo\/ -->\n<title>Domki &ndash; Przystanek Staw<\/title>\n<meta name=\"robots\" content=\"index, follow, max-snippet:-1, max-image-preview:large, max-video-preview:-1\" \/>\n<link rel=\"canonical\" href=\"https:\/\/www.przystanekstaw.pl\/index.php\/nasze-domki\/\" \/>\n<meta property=\"og:locale\" content=\"pl_PL\" \/>\n<meta property=\"og:type\" content=\"article\" \/>\n<meta property=\"og:title\" content=\"Domki &ndash; Przystanek Staw\" \/>\n<meta property=\"og:description\" content=\"Oferujemy Pa\u0144stwu pobyt w komfortowych domkach letniskowych, po\u0142o\u017conych nad brzegiem malowniczego stawu. Posesja jest ca\u0142kowicie ogrodzona . Nasze domki s\u0105 w pe\u0142ni wyposa\u017cone i przygotowane do sp\u0119dzenia urlopu, weekendu lub kilku dni. Ka\u017cdy znajdzie tu co\u015b dla siebie: pla\u017cowanie, \u0142owienie ryb, zbieranie poziomek, malin, jag\u00f3d i grzyb\u00f3w lub p\u0142ywanie kajakiem, spacery piesze lub jazd\u0119 rowerem.Czytaj dalej\" \/>\n<meta property=\"og:url\" content=\"https:\/\/www.przystanekstaw.pl\/index.php\/nasze-domki\/\" \/>\n<meta property=\"og:site_name\" content=\"Przystanek Staw\" \/>\n<meta property=\"article:modified_time\" content=\"2024-10-02T22:29:41+00:00\" \/>\n<meta property=\"og:image\" content=\"https:\/\/www.przystanekstaw.pl\/wp-content\/uploads\/2020\/09\/P1140472-1024x576.jpg\" \/>\n<meta name=\"twitter:card\" content=\"summary_large_image\" \/>\n<meta name=\"twitter:label1\" content=\"Szacowany czas czytania\" \/>\n\t<meta name=\"twitter:data1\" content=\"2 minuty\" \/>\n<script type=\"application\/ld+json\" class=\"yoast-schema-graph\">{\"@context\":\"https:\/\/schema.org\",\"@graph\":[{\"@type\":\"WebPage\",\"@id\":\"https:\/\/www.przystanekstaw.pl\/index.php\/nasze-domki\/\",\"url\":\"https:\/\/www.przystanekstaw.pl\/index.php\/nasze-domki\/\",\"name\":\"Domki &ndash; Przystanek Staw\",\"isPartOf\":{\"@id\":\"https:\/\/www.przystanekstaw.pl\/#website\"},\"datePublished\":\"2020-01-15T22:07:20+00:00\",\"dateModified\":\"2024-10-02T22:29:41+00:00\",\"breadcrumb\":{\"@id\":\"https:\/\/www.przystanekstaw.pl\/index.php\/nasze-domki\/#breadcrumb\"},\"inLanguage\":\"pl-PL\",\"potentialAction\":[{\"@type\":\"ReadAction\",\"target\":[\"https:\/\/www.przystanekstaw.pl\/index.php\/nasze-domki\/\"]}]},{\"@type\":\"BreadcrumbList\",\"@id\":\"https:\/\/www.przystanekstaw.pl\/index.php\/nasze-domki\/#breadcrumb\",\"itemListElement\":[{\"@type\":\"ListItem\",\"position\":1,\"name\":\"Strona g\u0142\u00f3wna\",\"item\":\"https:\/\/www.przystanekstaw.pl\/\"},{\"@type\":\"ListItem\",\"position\":2,\"name\":\"Domki\"}]},{\"@type\":\"WebSite\",\"@id\":\"https:\/\/www.przystanekstaw.pl\/#website\",\"url\":\"https:\/\/www.przystanekstaw.pl\/\",\"name\":\"Przystanek Staw\",\"description\":\"Tw\u00f3j odpoczynek na \u0142onie natury\",\"publisher\":{\"@id\":\"https:\/\/www.przystanekstaw.pl\/#organization\"},\"potentialAction\":[{\"@type\":\"SearchAction\",\"target\":{\"@type\":\"EntryPoint\",\"urlTemplate\":\"https:\/\/www.przystanekstaw.pl\/?s={search_term_string}\"},\"query-input\":\"required name=search_term_string\"}],\"inLanguage\":\"pl-PL\"},{\"@type\":\"Organization\",\"@id\":\"https:\/\/www.przystanekstaw.pl\/#organization\",\"name\":\"Przystanek Staw\",\"url\":\"https:\/\/www.przystanekstaw.pl\/\",\"logo\":{\"@type\":\"ImageObject\",\"inLanguage\":\"pl-PL\",\"@id\":\"https:\/\/www.przystanekstaw.pl\/#\/schema\/logo\/image\/\",\"url\":\"https:\/\/www.przystanekstaw.pl\/wp-content\/uploads\/2020\/01\/Logo_400.png\",\"contentUrl\":\"https:\/\/www.przystanekstaw.pl\/wp-content\/uploads\/2020\/01\/Logo_400.png\",\"width\":400,\"height\":100,\"caption\":\"Przystanek Staw\"},\"image\":{\"@id\":\"https:\/\/www.przystanekstaw.pl\/#\/schema\/logo\/image\/\"}}]}<\/script>\n<!-- \/ Yoast SEO plugin. -->","yoast_head_json":{"title":"Domki &ndash; Przystanek Staw","robots":{"index":"index","follow":"follow","max-snippet":"max-snippet:-1","max-image-preview":"max-image-preview:large","max-video-preview":"max-video-preview:-1"},"canonical":"https:\/\/www.przystanekstaw.pl\/index.php\/nasze-domki\/","og_locale":"pl_PL","og_type":"article","og_title":"Domki &ndash; Przystanek Staw","og_description":"Oferujemy Pa\u0144stwu pobyt w komfortowych domkach letniskowych, po\u0142o\u017conych nad brzegiem malowniczego stawu. Posesja jest ca\u0142kowicie ogrodzona . Nasze domki s\u0105 w pe\u0142ni wyposa\u017cone i przygotowane do sp\u0119dzenia urlopu, weekendu lub kilku dni. Ka\u017cdy znajdzie tu co\u015b dla siebie: pla\u017cowanie, \u0142owienie ryb, zbieranie poziomek, malin, jag\u00f3d i grzyb\u00f3w lub p\u0142ywanie kajakiem, spacery piesze lub jazd\u0119 rowerem.Czytaj dalej","og_url":"https:\/\/www.przystanekstaw.pl\/index.php\/nasze-domki\/","og_site_name":"Przystanek Staw","article_modified_time":"2024-10-02T22:29:41+00:00","og_image":[{"url":"https:\/\/www.przystanekstaw.pl\/wp-content\/uploads\/2020\/09\/P1140472-1024x576.jpg"}],"twitter_card":"summary_large_image","twitter_misc":{"Szacowany czas czytania":"2 minuty"},"schema":{"@context":"https:\/\/schema.org","@graph":[{"@type":"WebPage","@id":"https:\/\/www.przystanekstaw.pl\/index.php\/nasze-domki\/","url":"https:\/\/www.przystanekstaw.pl\/index.php\/nasze-domki\/","name":"Domki &ndash; Przystanek Staw","isPartOf":{"@id":"https:\/\/www.przystanekstaw.pl\/#website"},"datePublished":"2020-01-15T22:07:20+00:00","dateModified":"2024-10-02T22:29:41+00:00","breadcrumb":{"@id":"https:\/\/www.przystanekstaw.pl\/index.php\/nasze-domki\/#breadcrumb"},"inLanguage":"pl-PL","potentialAction":[{"@type":"ReadAction","target":["https:\/\/www.przystanekstaw.pl\/index.php\/nasze-domki\/"]}]},{"@type":"BreadcrumbList","@id":"https:\/\/www.przystanekstaw.pl\/index.php\/nasze-domki\/#breadcrumb","itemListElement":[{"@type":"ListItem","position":1,"name":"Strona g\u0142\u00f3wna","item":"https:\/\/www.przystanekstaw.pl\/"},{"@type":"ListItem","position":2,"name":"Domki"}]},{"@type":"WebSite","@id":"https:\/\/www.przystanekstaw.pl\/#website","url":"https:\/\/www.przystanekstaw.pl\/","name":"Przystanek Staw","description":"Tw\u00f3j odpoczynek na \u0142onie natury","publisher":{"@id":"https:\/\/www.przystanekstaw.pl\/#organization"},"potentialAction":[{"@type":"SearchAction","target":{"@type":"EntryPoint","urlTemplate":"https:\/\/www.przystanekstaw.pl\/?s={search_term_string}"},"query-input":"required name=search_term_string"}],"inLanguage":"pl-PL"},{"@type":"Organization","@id":"https:\/\/www.przystanekstaw.pl\/#organization","name":"Przystanek Staw","url":"https:\/\/www.przystanekstaw.pl\/","logo":{"@type":"ImageObject","inLanguage":"pl-PL","@id":"https:\/\/www.przystanekstaw.pl\/#\/schema\/logo\/image\/","url":"https:\/\/www.przystanekstaw.pl\/wp-content\/uploads\/2020\/01\/Logo_400.png","contentUrl":"https:\/\/www.przystanekstaw.pl\/wp-content\/uploads\/2020\/01\/Logo_400.png","width":400,"height":100,"caption":"Przystanek Staw"},"image":{"@id":"https:\/\/www.przystanekstaw.pl\/#\/schema\/logo\/image\/"}}]}},"_links":{"self":[{"href":"https:\/\/www.przystanekstaw.pl\/index.php\/wp-json\/wp\/v2\/pages\/107"}],"collection":[{"href":"https:\/\/www.przystanekstaw.pl\/index.php\/wp-json\/wp\/v2\/pages"}],"about":[{"href":"https:\/\/www.przystanekstaw.pl\/index.php\/wp-json\/wp\/v2\/types\/page"}],"author":[{"embeddable":true,"href":"https:\/\/www.przystanekstaw.pl\/index.php\/wp-json\/wp\/v2\/users\/1"}],"replies":[{"embeddable":true,"href":"https:\/\/www.przystanekstaw.pl\/index.php\/wp-json\/wp\/v2\/comments?post=107"}],"version-history":[{"count":34,"href":"https:\/\/www.przystanekstaw.pl\/index.php\/wp-json\/wp\/v2\/pages\/107\/revisions"}],"predecessor-version":[{"id":881,"href":"https:\/\/www.przystanekstaw.pl\/index.php\/wp-json\/wp\/v2\/pages\/107\/revisions\/881"}],"wp:attachment":[{"href":"https:\/\/www.przystanekstaw.pl\/index.php\/wp-json\/wp\/v2\/media?parent=107"}],"curies":[{"name":"wp","href":"https:\/\/api.w.org\/{rel}","templated":true}]}}