{"id":172,"date":"2020-01-19T23:01:01","date_gmt":"2020-01-19T22:01:01","guid":{"rendered":"https:\/\/www.przystanekstaw.pl\/?page_id=172"},"modified":"2024-02-17T21:27:09","modified_gmt":"2024-02-17T20:27:09","slug":"kontakt","status":"publish","type":"page","link":"https:\/\/www.przystanekstaw.pl\/index.php\/kontakt\/","title":{"rendered":"Kontakt"},"content":{"rendered":"\n<div style=\"height:50px\" aria-hidden=\"true\" class=\"wp-block-spacer\"><\/div>\n\n\n\n<hr class=\"wp-block-separator has-css-opacity\"\/>\n\n\n\n<div class=\"is-layout-flex wp-container-4 wp-block-columns\">\n<div class=\"is-layout-flow wp-block-column\"><form  class=\"kaliforms-form-container bootstrap-wrapper  \" data-form-id=\"171\" style=\"opacity:0\"><h3>Formularz kontaktowy<\/h3><div id=\"kaliforms-global-error-message-171\" class=\"global-error-message\">Ups, niestety nie uda\u0142o si\u0119 wys\u0142a\u0107 wiadomo\u015bci \ud83d\ude41<\/div><div class=\"row kali-form-field-row\"><div class=\"col-12 col-md-12 \"><label  for=\"first-last-name\">Imi\u0119 i nazwisko <span class=\"kali-required-mark\">*<\/span><\/label><input  data-internal-id=\"textbox2\" type=\"text\" id=\"first-last-name\" name=\"first-last-name\" data-properties.type=\"text\" required ><\/div><\/div><div class=\"row kali-form-field-row\"><div class=\"col-12 col-md-12 \"><label  for=\"phone-number\">Numer telefonu <span class=\"kali-required-mark\">*<\/span><\/label><input  data-internal-id=\"textbox11\" type=\"text\" id=\"phone-number\" name=\"phone-number\" data-properties.type=\"text\" required ><\/div><\/div><div class=\"row kali-form-field-row\"><div class=\"col-12 col-md-12 \"><label  for=\"email\">Adres email <span class=\"kali-required-mark\">*<\/span><\/label><input  data-internal-id=\"textbox4\" type=\"text\" id=\"email\" name=\"email\" data-properties.type=\"text\" required ><\/div><\/div><div class=\"row kali-form-field-row\"><div class=\"col-12 col-md-12 \"><label  for=\"subject\">Temat wiadomo\u015bci <span class=\"kali-required-mark\">*<\/span><\/label><input  data-internal-id=\"textbox12\" type=\"text\" id=\"subject\" name=\"subject\" data-properties.type=\"text\" required ><\/div><\/div><div class=\"row kali-form-field-row\"><div class=\"col-12 col-md-12 \"><label  for=\"message\">Wiadomo\u015b\u0107 <span class=\"kali-required-mark\">*<\/span><\/label><textarea  data-internal-id=\"textarea13\" type=\"textarea\" id=\"message\" name=\"message\"required  class=\"input\" rows=\"4\"><\/textarea><\/div><\/div><div class=\"row kali-form-field-row\"><div class=\"col-12\"><hr \/><\/div><\/div><div class=\"row kali-form-field-row\"><div class=\"col-12 col-md-12 \"><input  data-internal-id=\"submitbutton6\" type=\"submit\" id=\"submit\" class=\"input\" value=\"Wy\u015blij wiadomo\u015b\u0107\" ><\/div><\/div><!-- This form was built using Kali Forms --><\/form>\n<\/div>\n\n\n\n<div class=\"is-layout-flow wp-block-column\">\n<h3>Dane kontaktowe<\/h3>\n\n\n\n<p class=\"has-custom-font-size has-justified-text\"><strong>Przystanek Staw<\/strong><br>ok. Szczecinki 46<br> 19-400 Olecko<\/p>\n\n\n\n<p class=\"has-custom-font-size has-justified-text\"><strong>Przystanek Ja\u0142owo<\/strong><br>Ja\u0142owo 54<br> 16-406 Rutka Tartak<\/p>\n\n\n\n<p class=\"has-custom-font-size has-justified-text\"><strong>Telefon<\/strong>: +48 739 260 113<\/p>\n\n\n\n<p class=\"has-custom-font-size has-justified-text\"><strong>Email: <\/strong><a href=\"mailto:kontakt@przystanekstaw.pl\">kontakt@przystanekstaw.pl<\/a><\/p>\n<\/div>\n\n\n\n<div class=\"is-layout-flow wp-block-column has-black-color has-text-color\">\n<p class=\"has-custom-font-size has-justified-text\"><a href=\"https:\/\/www.przystanekstaw.pl\/wp-content\/uploads\/2021\/04\/Regulamin-PrzystanekStaw.pdf\">Regulamin Przystanek Staw<\/a><\/p>\n\n\n\n<p class=\"has-custom-font-size has-justified-text\"><a href=\"https:\/\/www.przystanekstaw.pl\/wp-content\/uploads\/2024\/01\/regulamin-Jalowo.pdf\">Regulamin Przystanek Ja\u0142owo<\/a><\/p>\n\n\n\n<div class=\"wp-block-button is-style-outline\"><a class=\"wp-block-button__link has-black-color has-pale-cyan-blue-background-color has-text-color has-background wp-element-button\" href=\"https:\/\/www.przystanekstaw.pl\/index.php\/rezerwacje\/\"><strong><em>Rezerwuj online<\/em><\/strong><\/a><\/div>\n<\/div>\n<\/div>\n\n\n<div id=\"wpgmza_map_1\" class=\"wpgmza_map wpgmza-auto-left\" style=\"display:block;width:100%;height:400px;overflow:hidden;position:relative;\" data-map-id=\"1\" data-maps-engine=\"open-layers\" data-build-engine=\"atlas-novus\" data-shortcode-attributes=\"{&quot;id&quot;:&quot;1&quot;,&quot;zoom&quot;:false,&quot;width&quot;:false,&quot;height&quot;:false,&quot;marker&quot;:false,&quot;classname&quot;:false}\" data-settings=\"{&quot;map_title&quot;:&quot;Szczecinki&quot;,&quot;map_width&quot;:&quot;100&quot;,&quot;map_height&quot;:&quot;400&quot;,&quot;map_start_lat&quot;:&quot;54.07730083838146&quot;,&quot;map_start_lng&quot;:&quot;22.589934492065414&quot;,&quot;map_start_location&quot;:&quot;54.0752114152688,22.589676795603275&quot;,&quot;map_start_zoom&quot;:&quot;15&quot;,&quot;default_marker&quot;:&quot;0&quot;,&quot;type&quot;:&quot;1&quot;,&quot;alignment&quot;:&quot;2&quot;,&quot;directions_enabled&quot;:&quot;1&quot;,&quot;styling_enabled&quot;:&quot;0&quot;,&quot;styling_json&quot;:&quot;&quot;,&quot;active&quot;:&quot;0&quot;,&quot;kml&quot;:&quot;&quot;,&quot;bicycle&quot;:&quot;0&quot;,&quot;traffic&quot;:&quot;0&quot;,&quot;dbox&quot;:&quot;1&quot;,&quot;dbox_width&quot;:&quot;100&quot;,&quot;listmarkers&quot;:&quot;0&quot;,&quot;listmarkers_advanced&quot;:&quot;0&quot;,&quot;filterbycat&quot;:&quot;0&quot;,&quot;ugm_enabled&quot;:&quot;0&quot;,&quot;ugm_category_enabled&quot;:&quot;0&quot;,&quot;fusion&quot;:&quot;&quot;,&quot;map_width_type&quot;:&quot;%&quot;,&quot;map_height_type&quot;:&quot;px&quot;,&quot;mass_marker_support&quot;:&quot;1&quot;,&quot;ugm_access&quot;:&quot;0&quot;,&quot;order_markers_by&quot;:&quot;0&quot;,&quot;order_markers_choice&quot;:&quot;0&quot;,&quot;show_user_location&quot;:&quot;0&quot;,&quot;default_to&quot;:&quot;&quot;,&quot;store_locator_enabled&quot;:false,&quot;store_locator_distance&quot;:true,&quot;store_locator_default_radius&quot;:10,&quot;store_locator_not_found_message&quot;:&quot;&quot;,&quot;store_locator_bounce&quot;:1,&quot;store_locator_query_string&quot;:&quot;&quot;,&quot;store_locator_default_address&quot;:&quot;&quot;,&quot;wpgmza_store_locator_restrict&quot;:&quot;&quot;,&quot;wpgmza_store_locator_radius_style&quot;:&quot;modern&quot;,&quot;map_max_zoom&quot;:&quot;1&quot;,&quot;transport_layer&quot;:false,&quot;wpgmza_show_points_of_interest&quot;:0,&quot;wpgmza_auto_night&quot;:0,&quot;action&quot;:&quot;wpgmza_save_map&quot;,&quot;redirect_to&quot;:&quot;\\\/wp-admin\\\/admin-post.php&quot;,&quot;map_id&quot;:&quot;1&quot;,&quot;http_referer&quot;:&quot;\\\/wp-admin\\\/admin.php?page=wp-google-maps-menu&amp;amp;action=edit&amp;amp;map_id=1&quot;,&quot;wpgmza_id&quot;:&quot;1&quot;,&quot;wpgmza_start_location&quot;:&quot;54.07730083838146,22.589934492065414&quot;,&quot;wpgmza_start_zoom&quot;:&quot;15&quot;,&quot;store_locator_search_area&quot;:&quot;radial&quot;,&quot;wpgmza_store_locator_default_radius&quot;:&quot;10&quot;,&quot;store_locator_auto_area_max_zoom&quot;:&quot;&quot;,&quot;wpgmza_store_locator_position&quot;:false,&quot;store_locator_show_distance&quot;:false,&quot;store_locator_category&quot;:false,&quot;wpgmza_store_locator_use_their_location&quot;:false,&quot;wpgmza_store_locator_bounce&quot;:false,&quot;wpgmza_sl_animation&quot;:null,&quot;wpgmza_store_locator_hide_before_search&quot;:false,&quot;store_locator_location_placeholder&quot;:&quot;&quot;,&quot;store_locator_name_search&quot;:false,&quot;store_locator_name_string&quot;:&quot;&quot;,&quot;sl_stroke_color&quot;:&quot;&quot;,&quot;sl_stroke_opacity&quot;:&quot;&quot;,&quot;sl_fill_color&quot;:&quot;&quot;,&quot;sl_fill_opacity&quot;:&quot;&quot;,&quot;wpgmza_map_align&quot;:&quot;1&quot;,&quot;jump_to_nearest_marker_on_initialization&quot;:false,&quot;automatically_pan_to_users_location&quot;:false,&quot;override_users_location_zoom_level&quot;:false,&quot;override_users_location_zoom_levels&quot;:&quot;&quot;,&quot;show_distance_from_location&quot;:false,&quot;map_min_zoom&quot;:&quot;0&quot;,&quot;click_open_link&quot;:false,&quot;fit_maps_bounds_to_markers&quot;:false,&quot;fit_maps_bounds_to_markers_after_filtering&quot;:false,&quot;hide_point_of_interest&quot;:false,&quot;wpgmza_zoom_on_marker_click&quot;:false,&quot;wpgmza_zoom_on_marker_click_slider&quot;:&quot;&quot;,&quot;close_infowindow_on_map_click&quot;:false,&quot;disable_lightbox_images&quot;:false,&quot;use_Raw_Jpeg_Coordinates&quot;:false,&quot;disable_polygon_info_windows&quot;:false,&quot;enable_marker_ratings&quot;:false,&quot;only_load_markers_within_viewport&quot;:false,&quot;iw_primary_color&quot;:&quot;#000000&quot;,&quot;iw_accent_color&quot;:&quot;#000000&quot;,&quot;iw_text_color&quot;:&quot;#000000&quot;,&quot;wpgmza_listmarkers_by&quot;:&quot;0&quot;,&quot;wpgmza_marker_listing_position&quot;:false,&quot;zoom_level_on_marker_listing_override&quot;:false,&quot;zoom_level_on_marker_listing_click&quot;:&quot;&quot;,&quot;marker_listing_disable_zoom&quot;:false,&quot;datatable_no_result_message&quot;:&quot;&quot;,&quot;remove_search_box_datables&quot;:false,&quot;dataTable_pagination_style&quot;:null,&quot;datatable_search_string&quot;:&quot;&quot;,&quot;datatable_result_start&quot;:&quot;&quot;,&quot;datatable_result_of&quot;:&quot;&quot;,&quot;datatable_result_to&quot;:&quot;&quot;,&quot;datatable_result_total&quot;:&quot;&quot;,&quot;datatable_result_show&quot;:&quot;&quot;,&quot;datatable_result_entries&quot;:&quot;&quot;,&quot;wpgmza_savemap&quot;:&quot;Zapisz map\\u0119 \\u00bb&quot;,&quot;store_locator_component_anchor&quot;:9,&quot;id&quot;:1}\" ><\/div>","protected":false},"excerpt":{"rendered":"<p>Dane kontaktowe Przystanek Stawok. Szczecinki 46 19-400 Olecko Przystanek Ja\u0142owoJa\u0142owo 54 16-406 Rutka Tartak Telefon: +48 739 260 113 Email: kontakt@przystanekstaw.pl Regulamin Przystanek Staw Regulamin Przystanek Ja\u0142owo<\/p>\n","protected":false},"author":1,"featured_media":0,"parent":0,"menu_order":0,"comment_status":"closed","ping_status":"closed","template":"page-templates\/full-width.php","meta":[],"yoast_head":"<!-- This site is optimized with the Yoast SEO plugin v19.11 - https:\/\/yoast.com\/wordpress\/plugins\/seo\/ -->\n<title>Kontakt &ndash; Przystanek Staw<\/title>\n<meta name=\"robots\" content=\"index, follow, max-snippet:-1, max-image-preview:large, max-video-preview:-1\" \/>\n<link rel=\"canonical\" href=\"https:\/\/www.przystanekstaw.pl\/index.php\/kontakt\/\" \/>\n<meta property=\"og:locale\" content=\"pl_PL\" \/>\n<meta property=\"og:type\" content=\"article\" \/>\n<meta property=\"og:title\" content=\"Kontakt &ndash; Przystanek Staw\" \/>\n<meta property=\"og:description\" content=\"Dane kontaktowe Przystanek Stawok. Szczecinki 46 19-400 Olecko Przystanek Ja\u0142owoJa\u0142owo 54 16-406 Rutka Tartak Telefon: +48 739 260 113 Email: kontakt@przystanekstaw.pl Regulamin Przystanek Staw Regulamin Przystanek Ja\u0142owo\" \/>\n<meta property=\"og:url\" content=\"https:\/\/www.przystanekstaw.pl\/index.php\/kontakt\/\" \/>\n<meta property=\"og:site_name\" content=\"Przystanek Staw\" \/>\n<meta property=\"article:modified_time\" content=\"2024-02-17T20:27:09+00:00\" \/>\n<meta name=\"twitter:card\" content=\"summary_large_image\" \/>\n<meta name=\"twitter:label1\" content=\"Szacowany czas czytania\" \/>\n\t<meta name=\"twitter:data1\" content=\"1 minuta\" \/>\n<script type=\"application\/ld+json\" class=\"yoast-schema-graph\">{\"@context\":\"https:\/\/schema.org\",\"@graph\":[{\"@type\":\"WebPage\",\"@id\":\"https:\/\/www.przystanekstaw.pl\/index.php\/kontakt\/\",\"url\":\"https:\/\/www.przystanekstaw.pl\/index.php\/kontakt\/\",\"name\":\"Kontakt &ndash; Przystanek Staw\",\"isPartOf\":{\"@id\":\"https:\/\/www.przystanekstaw.pl\/#website\"},\"datePublished\":\"2020-01-19T22:01:01+00:00\",\"dateModified\":\"2024-02-17T20:27:09+00:00\",\"breadcrumb\":{\"@id\":\"https:\/\/www.przystanekstaw.pl\/index.php\/kontakt\/#breadcrumb\"},\"inLanguage\":\"pl-PL\",\"potentialAction\":[{\"@type\":\"ReadAction\",\"target\":[\"https:\/\/www.przystanekstaw.pl\/index.php\/kontakt\/\"]}]},{\"@type\":\"BreadcrumbList\",\"@id\":\"https:\/\/www.przystanekstaw.pl\/index.php\/kontakt\/#breadcrumb\",\"itemListElement\":[{\"@type\":\"ListItem\",\"position\":1,\"name\":\"Strona g\u0142\u00f3wna\",\"item\":\"https:\/\/www.przystanekstaw.pl\/\"},{\"@type\":\"ListItem\",\"position\":2,\"name\":\"Kontakt\"}]},{\"@type\":\"WebSite\",\"@id\":\"https:\/\/www.przystanekstaw.pl\/#website\",\"url\":\"https:\/\/www.przystanekstaw.pl\/\",\"name\":\"Przystanek Staw\",\"description\":\"Tw\u00f3j odpoczynek na \u0142onie natury\",\"publisher\":{\"@id\":\"https:\/\/www.przystanekstaw.pl\/#organization\"},\"potentialAction\":[{\"@type\":\"SearchAction\",\"target\":{\"@type\":\"EntryPoint\",\"urlTemplate\":\"https:\/\/www.przystanekstaw.pl\/?s={search_term_string}\"},\"query-input\":\"required name=search_term_string\"}],\"inLanguage\":\"pl-PL\"},{\"@type\":\"Organization\",\"@id\":\"https:\/\/www.przystanekstaw.pl\/#organization\",\"name\":\"Przystanek Staw\",\"url\":\"https:\/\/www.przystanekstaw.pl\/\",\"logo\":{\"@type\":\"ImageObject\",\"inLanguage\":\"pl-PL\",\"@id\":\"https:\/\/www.przystanekstaw.pl\/#\/schema\/logo\/image\/\",\"url\":\"https:\/\/www.przystanekstaw.pl\/wp-content\/uploads\/2020\/01\/Logo_400.png\",\"contentUrl\":\"https:\/\/www.przystanekstaw.pl\/wp-content\/uploads\/2020\/01\/Logo_400.png\",\"width\":400,\"height\":100,\"caption\":\"Przystanek Staw\"},\"image\":{\"@id\":\"https:\/\/www.przystanekstaw.pl\/#\/schema\/logo\/image\/\"}}]}<\/script>\n<!-- \/ Yoast SEO plugin. -->","yoast_head_json":{"title":"Kontakt &ndash; Przystanek Staw","robots":{"index":"index","follow":"follow","max-snippet":"max-snippet:-1","max-image-preview":"max-image-preview:large","max-video-preview":"max-video-preview:-1"},"canonical":"https:\/\/www.przystanekstaw.pl\/index.php\/kontakt\/","og_locale":"pl_PL","og_type":"article","og_title":"Kontakt &ndash; Przystanek Staw","og_description":"Dane kontaktowe Przystanek Stawok. Szczecinki 46 19-400 Olecko Przystanek Ja\u0142owoJa\u0142owo 54 16-406 Rutka Tartak Telefon: +48 739 260 113 Email: kontakt@przystanekstaw.pl Regulamin Przystanek Staw Regulamin Przystanek Ja\u0142owo","og_url":"https:\/\/www.przystanekstaw.pl\/index.php\/kontakt\/","og_site_name":"Przystanek Staw","article_modified_time":"2024-02-17T20:27:09+00:00","twitter_card":"summary_large_image","twitter_misc":{"Szacowany czas czytania":"1 minuta"},"schema":{"@context":"https:\/\/schema.org","@graph":[{"@type":"WebPage","@id":"https:\/\/www.przystanekstaw.pl\/index.php\/kontakt\/","url":"https:\/\/www.przystanekstaw.pl\/index.php\/kontakt\/","name":"Kontakt &ndash; Przystanek Staw","isPartOf":{"@id":"https:\/\/www.przystanekstaw.pl\/#website"},"datePublished":"2020-01-19T22:01:01+00:00","dateModified":"2024-02-17T20:27:09+00:00","breadcrumb":{"@id":"https:\/\/www.przystanekstaw.pl\/index.php\/kontakt\/#breadcrumb"},"inLanguage":"pl-PL","potentialAction":[{"@type":"ReadAction","target":["https:\/\/www.przystanekstaw.pl\/index.php\/kontakt\/"]}]},{"@type":"BreadcrumbList","@id":"https:\/\/www.przystanekstaw.pl\/index.php\/kontakt\/#breadcrumb","itemListElement":[{"@type":"ListItem","position":1,"name":"Strona g\u0142\u00f3wna","item":"https:\/\/www.przystanekstaw.pl\/"},{"@type":"ListItem","position":2,"name":"Kontakt"}]},{"@type":"WebSite","@id":"https:\/\/www.przystanekstaw.pl\/#website","url":"https:\/\/www.przystanekstaw.pl\/","name":"Przystanek Staw","description":"Tw\u00f3j odpoczynek na \u0142onie natury","publisher":{"@id":"https:\/\/www.przystanekstaw.pl\/#organization"},"potentialAction":[{"@type":"SearchAction","target":{"@type":"EntryPoint","urlTemplate":"https:\/\/www.przystanekstaw.pl\/?s={search_term_string}"},"query-input":"required name=search_term_string"}],"inLanguage":"pl-PL"},{"@type":"Organization","@id":"https:\/\/www.przystanekstaw.pl\/#organization","name":"Przystanek Staw","url":"https:\/\/www.przystanekstaw.pl\/","logo":{"@type":"ImageObject","inLanguage":"pl-PL","@id":"https:\/\/www.przystanekstaw.pl\/#\/schema\/logo\/image\/","url":"https:\/\/www.przystanekstaw.pl\/wp-content\/uploads\/2020\/01\/Logo_400.png","contentUrl":"https:\/\/www.przystanekstaw.pl\/wp-content\/uploads\/2020\/01\/Logo_400.png","width":400,"height":100,"caption":"Przystanek Staw"},"image":{"@id":"https:\/\/www.przystanekstaw.pl\/#\/schema\/logo\/image\/"}}]}},"_links":{"self":[{"href":"https:\/\/www.przystanekstaw.pl\/index.php\/wp-json\/wp\/v2\/pages\/172"}],"collection":[{"href":"https:\/\/www.przystanekstaw.pl\/index.php\/wp-json\/wp\/v2\/pages"}],"about":[{"href":"https:\/\/www.przystanekstaw.pl\/index.php\/wp-json\/wp\/v2\/types\/page"}],"author":[{"embeddable":true,"href":"https:\/\/www.przystanekstaw.pl\/index.php\/wp-json\/wp\/v2\/users\/1"}],"replies":[{"embeddable":true,"href":"https:\/\/www.przystanekstaw.pl\/index.php\/wp-json\/wp\/v2\/comments?post=172"}],"version-history":[{"count":20,"href":"https:\/\/www.przystanekstaw.pl\/index.php\/wp-json\/wp\/v2\/pages\/172\/revisions"}],"predecessor-version":[{"id":851,"href":"https:\/\/www.przystanekstaw.pl\/index.php\/wp-json\/wp\/v2\/pages\/172\/revisions\/851"}],"wp:attachment":[{"href":"https:\/\/www.przystanekstaw.pl\/index.php\/wp-json\/wp\/v2\/media?parent=172"}],"curies":[{"name":"wp","href":"https:\/\/api.w.org\/{rel}","templated":true}]}}